{"id":468,"date":"2011-11-07T06:18:24","date_gmt":"2011-11-07T06:18:24","guid":{"rendered":"http:\/\/www.integritet.biz\/?page_id=462"},"modified":"2015-08-13T14:20:17","modified_gmt":"2015-08-13T14:20:17","slug":"bornehjem-i-indien","status":"publish","type":"page","link":"https:\/\/www.engedal.it\/da\/bornehjem-i-indien\/","title":{"rendered":"B\u00f8rnehjem i Indien"},"content":{"rendered":"<p>B\u00f8rnehjem i Indien, som ligger i Umrer i byen Nagpur i staten Maharastra. De g\u00f8r en forskel for mange b\u00f8rn, selvom deres resourcer er meget sm\u00e5. Engedal st\u00f8tter dem \u00f8konomisk og hj\u00e6lper dem med at holde b\u00f8rnehjemmet i gang.<\/p>\n<p><strong>Hvis du vil st\u00f8tte B\u00f8rnehjemmet, s\u00e5 har de virkelig brug for hj\u00e6lp lige nu. <\/strong>De mangler et sted at bo efter, at de blev smidt ud af deres gamle hjem (eller skulle betale 3-4 gange dobbelt husleje).<br \/>\nDe har nu skole udenfor tilf\u00e6ldige steder, hvor der er skygge. Men det er meget varmt (op til 48 grader), s\u00e5 det er sv\u00e6rt at f\u00e5 det til at fungere p\u00e5 en god m\u00e5de for b\u00f8rnene.<\/p>\n<p>Kontakt mig for at f\u00e5 mere information. Selv f\u00e5 hundrede kroner kan g\u00f8re en stor forskel.<\/p>\n<p><a href=\"https:\/\/www.facebook.com\/pages\/Sahara-Inland-Mission-Sahara-Orphanage\/318601061672281?pnref=lhc\" target=\"_blank\">F\u00e5 flere informationer p\u00e5 Facebook siden &#8211; klik her<\/a><\/p>\n<p><a href=\"https:\/\/www.engedal.it\/wp-content\/uploads\/2011\/11\/indien-childrenshome.jpg\"><img decoding=\"async\" class=\"alignleft size-full wp-image-465 lazyload\" title=\"indien-childrenshome\" data-src=\"https:\/\/www.engedal.it\/wp-content\/uploads\/2011\/11\/indien-childrenshome.jpg\" alt=\"\" width=\"604\" height=\"453\" src=\"data:image\/svg+xml;base64,PHN2ZyB3aWR0aD0iMSIgaGVpZ2h0PSIxIiB4bWxucz0iaHR0cDovL3d3dy53My5vcmcvMjAwMC9zdmciPjwvc3ZnPg==\" style=\"--smush-placeholder-width: 604px; --smush-placeholder-aspect-ratio: 604\/453;\" \/><\/a><\/p>\n","protected":false},"excerpt":{"rendered":"<p>B\u00f8rnehjem i Indien, som ligger i Umrer i byen Nagpur i staten Maharastra. De g\u00f8r en forskel for mange b\u00f8rn, selvom deres resourcer er meget sm\u00e5. Engedal st\u00f8tter dem \u00f8konomisk og hj\u00e6lper dem med at holde b\u00f8rnehjemmet i gang. Hvis du vil st\u00f8tte B\u00f8rnehjemmet, s\u00e5 har de virkelig brug for hj\u00e6lp lige nu. De mangler&hellip;<\/p>\n","protected":false},"author":1,"featured_media":0,"parent":0,"menu_order":0,"comment_status":"closed","ping_status":"closed","template":"template-empty-page.php","meta":{"footnotes":""},"class_list":["post-468","page","type-page","status-publish","hentry","description-off"],"yoast_head":"<!-- This site is optimized with the Yoast SEO plugin v27.6 - https:\/\/yoast.com\/product\/yoast-seo-wordpress\/ -->\n<title>B\u00f8rnehjem i Indien - Engedal<\/title>\n<meta name=\"robots\" content=\"index, follow, max-snippet:-1, max-image-preview:large, max-video-preview:-1\" \/>\n<link rel=\"canonical\" href=\"https:\/\/www.engedal.it\/da\/bornehjem-i-indien\/\" \/>\n<meta property=\"og:locale\" content=\"da_DK\" \/>\n<meta property=\"og:type\" content=\"article\" \/>\n<meta property=\"og:title\" content=\"B\u00f8rnehjem i Indien - Engedal\" \/>\n<meta property=\"og:description\" content=\"B\u00f8rnehjem i Indien, som ligger i Umrer i byen Nagpur i staten Maharastra. De g\u00f8r en forskel for mange b\u00f8rn, selvom deres resourcer er meget sm\u00e5. Engedal st\u00f8tter dem \u00f8konomisk og hj\u00e6lper dem med at holde b\u00f8rnehjemmet i gang. Hvis du vil st\u00f8tte B\u00f8rnehjemmet, s\u00e5 har de virkelig brug for hj\u00e6lp lige nu. De mangler&hellip;\" \/>\n<meta property=\"og:url\" content=\"https:\/\/www.engedal.it\/da\/bornehjem-i-indien\/\" \/>\n<meta property=\"og:site_name\" content=\"Engedal\" \/>\n<meta property=\"article:publisher\" content=\"https:\/\/www.facebook.com\/www.engedal.it\" \/>\n<meta property=\"article:modified_time\" content=\"2015-08-13T14:20:17+00:00\" \/>\n<meta property=\"og:image\" content=\"https:\/\/www.engedal.it\/wp-content\/uploads\/2011\/11\/indien-childrenshome.jpg\" \/>\n<meta name=\"twitter:label1\" content=\"Estimeret l\u00e6setid\" \/>\n\t<meta name=\"twitter:data1\" content=\"1 minut\" \/>\n<script type=\"application\/ld+json\" class=\"yoast-schema-graph\">{\"@context\":\"https:\\\/\\\/schema.org\",\"@graph\":[{\"@type\":\"WebPage\",\"@id\":\"https:\\\/\\\/www.engedal.it\\\/da\\\/bornehjem-i-indien\\\/\",\"url\":\"https:\\\/\\\/www.engedal.it\\\/da\\\/bornehjem-i-indien\\\/\",\"name\":\"B\u00f8rnehjem i Indien - Engedal\",\"isPartOf\":{\"@id\":\"https:\\\/\\\/www.engedal.it\\\/da\\\/#website\"},\"primaryImageOfPage\":{\"@id\":\"https:\\\/\\\/www.engedal.it\\\/da\\\/bornehjem-i-indien\\\/#primaryimage\"},\"image\":{\"@id\":\"https:\\\/\\\/www.engedal.it\\\/da\\\/bornehjem-i-indien\\\/#primaryimage\"},\"thumbnailUrl\":\"https:\\\/\\\/www.engedal.it\\\/wp-content\\\/uploads\\\/2011\\\/11\\\/indien-childrenshome.jpg\",\"datePublished\":\"2011-11-07T06:18:24+00:00\",\"dateModified\":\"2015-08-13T14:20:17+00:00\",\"breadcrumb\":{\"@id\":\"https:\\\/\\\/www.engedal.it\\\/da\\\/bornehjem-i-indien\\\/#breadcrumb\"},\"inLanguage\":\"da-DK\",\"potentialAction\":[{\"@type\":\"ReadAction\",\"target\":[\"https:\\\/\\\/www.engedal.it\\\/da\\\/bornehjem-i-indien\\\/\"]}]},{\"@type\":\"ImageObject\",\"inLanguage\":\"da-DK\",\"@id\":\"https:\\\/\\\/www.engedal.it\\\/da\\\/bornehjem-i-indien\\\/#primaryimage\",\"url\":\"https:\\\/\\\/www.engedal.it\\\/wp-content\\\/uploads\\\/2011\\\/11\\\/indien-childrenshome.jpg\",\"contentUrl\":\"https:\\\/\\\/www.engedal.it\\\/wp-content\\\/uploads\\\/2011\\\/11\\\/indien-childrenshome.jpg\"},{\"@type\":\"BreadcrumbList\",\"@id\":\"https:\\\/\\\/www.engedal.it\\\/da\\\/bornehjem-i-indien\\\/#breadcrumb\",\"itemListElement\":[{\"@type\":\"ListItem\",\"position\":1,\"name\":\"Hjem\",\"item\":\"http:\\\/\\\/www.engedal.it\\\/da\\\/\"},{\"@type\":\"ListItem\",\"position\":2,\"name\":\"B\u00f8rnehjem i Indien\"}]},{\"@type\":\"WebSite\",\"@id\":\"https:\\\/\\\/www.engedal.it\\\/da\\\/#website\",\"url\":\"https:\\\/\\\/www.engedal.it\\\/da\\\/\",\"name\":\"Engedal\",\"description\":\"Freelance grafisk designer til fornuftige priser\",\"publisher\":{\"@id\":\"https:\\\/\\\/www.engedal.it\\\/da\\\/#organization\"},\"potentialAction\":[{\"@type\":\"SearchAction\",\"target\":{\"@type\":\"EntryPoint\",\"urlTemplate\":\"https:\\\/\\\/www.engedal.it\\\/da\\\/?s={search_term_string}\"},\"query-input\":{\"@type\":\"PropertyValueSpecification\",\"valueRequired\":true,\"valueName\":\"search_term_string\"}}],\"inLanguage\":\"da-DK\"},{\"@type\":\"Organization\",\"@id\":\"https:\\\/\\\/www.engedal.it\\\/da\\\/#organization\",\"name\":\"Engedal - digitalt design\",\"url\":\"https:\\\/\\\/www.engedal.it\\\/da\\\/\",\"logo\":{\"@type\":\"ImageObject\",\"inLanguage\":\"da-DK\",\"@id\":\"https:\\\/\\\/www.engedal.it\\\/da\\\/#\\\/schema\\\/logo\\\/image\\\/\",\"url\":\"https:\\\/\\\/www.engedal.it\\\/wp-content\\\/uploads\\\/2021\\\/03\\\/signatur.png\",\"contentUrl\":\"https:\\\/\\\/www.engedal.it\\\/wp-content\\\/uploads\\\/2021\\\/03\\\/signatur.png\",\"width\":280,\"height\":126,\"caption\":\"Engedal - digitalt design\"},\"image\":{\"@id\":\"https:\\\/\\\/www.engedal.it\\\/da\\\/#\\\/schema\\\/logo\\\/image\\\/\"},\"sameAs\":[\"https:\\\/\\\/www.facebook.com\\\/www.engedal.it\",\"https:\\\/\\\/www.instagram.com\\\/engedaldesign\\\/\"]}]}<\/script>\n<!-- \/ Yoast SEO plugin. -->","yoast_head_json":{"title":"B\u00f8rnehjem i Indien - Engedal","robots":{"index":"index","follow":"follow","max-snippet":"max-snippet:-1","max-image-preview":"max-image-preview:large","max-video-preview":"max-video-preview:-1"},"canonical":"https:\/\/www.engedal.it\/da\/bornehjem-i-indien\/","og_locale":"da_DK","og_type":"article","og_title":"B\u00f8rnehjem i Indien - Engedal","og_description":"B\u00f8rnehjem i Indien, som ligger i Umrer i byen Nagpur i staten Maharastra. De g\u00f8r en forskel for mange b\u00f8rn, selvom deres resourcer er meget sm\u00e5. Engedal st\u00f8tter dem \u00f8konomisk og hj\u00e6lper dem med at holde b\u00f8rnehjemmet i gang. Hvis du vil st\u00f8tte B\u00f8rnehjemmet, s\u00e5 har de virkelig brug for hj\u00e6lp lige nu. De mangler&hellip;","og_url":"https:\/\/www.engedal.it\/da\/bornehjem-i-indien\/","og_site_name":"Engedal","article_publisher":"https:\/\/www.facebook.com\/www.engedal.it","article_modified_time":"2015-08-13T14:20:17+00:00","og_image":[{"url":"https:\/\/www.engedal.it\/wp-content\/uploads\/2011\/11\/indien-childrenshome.jpg","type":"","width":"","height":""}],"twitter_misc":{"Estimeret l\u00e6setid":"1 minut"},"schema":{"@context":"https:\/\/schema.org","@graph":[{"@type":"WebPage","@id":"https:\/\/www.engedal.it\/da\/bornehjem-i-indien\/","url":"https:\/\/www.engedal.it\/da\/bornehjem-i-indien\/","name":"B\u00f8rnehjem i Indien - Engedal","isPartOf":{"@id":"https:\/\/www.engedal.it\/da\/#website"},"primaryImageOfPage":{"@id":"https:\/\/www.engedal.it\/da\/bornehjem-i-indien\/#primaryimage"},"image":{"@id":"https:\/\/www.engedal.it\/da\/bornehjem-i-indien\/#primaryimage"},"thumbnailUrl":"https:\/\/www.engedal.it\/wp-content\/uploads\/2011\/11\/indien-childrenshome.jpg","datePublished":"2011-11-07T06:18:24+00:00","dateModified":"2015-08-13T14:20:17+00:00","breadcrumb":{"@id":"https:\/\/www.engedal.it\/da\/bornehjem-i-indien\/#breadcrumb"},"inLanguage":"da-DK","potentialAction":[{"@type":"ReadAction","target":["https:\/\/www.engedal.it\/da\/bornehjem-i-indien\/"]}]},{"@type":"ImageObject","inLanguage":"da-DK","@id":"https:\/\/www.engedal.it\/da\/bornehjem-i-indien\/#primaryimage","url":"https:\/\/www.engedal.it\/wp-content\/uploads\/2011\/11\/indien-childrenshome.jpg","contentUrl":"https:\/\/www.engedal.it\/wp-content\/uploads\/2011\/11\/indien-childrenshome.jpg"},{"@type":"BreadcrumbList","@id":"https:\/\/www.engedal.it\/da\/bornehjem-i-indien\/#breadcrumb","itemListElement":[{"@type":"ListItem","position":1,"name":"Hjem","item":"http:\/\/www.engedal.it\/da\/"},{"@type":"ListItem","position":2,"name":"B\u00f8rnehjem i Indien"}]},{"@type":"WebSite","@id":"https:\/\/www.engedal.it\/da\/#website","url":"https:\/\/www.engedal.it\/da\/","name":"Engedal","description":"Freelance grafisk designer til fornuftige priser","publisher":{"@id":"https:\/\/www.engedal.it\/da\/#organization"},"potentialAction":[{"@type":"SearchAction","target":{"@type":"EntryPoint","urlTemplate":"https:\/\/www.engedal.it\/da\/?s={search_term_string}"},"query-input":{"@type":"PropertyValueSpecification","valueRequired":true,"valueName":"search_term_string"}}],"inLanguage":"da-DK"},{"@type":"Organization","@id":"https:\/\/www.engedal.it\/da\/#organization","name":"Engedal - digitalt design","url":"https:\/\/www.engedal.it\/da\/","logo":{"@type":"ImageObject","inLanguage":"da-DK","@id":"https:\/\/www.engedal.it\/da\/#\/schema\/logo\/image\/","url":"https:\/\/www.engedal.it\/wp-content\/uploads\/2021\/03\/signatur.png","contentUrl":"https:\/\/www.engedal.it\/wp-content\/uploads\/2021\/03\/signatur.png","width":280,"height":126,"caption":"Engedal - digitalt design"},"image":{"@id":"https:\/\/www.engedal.it\/da\/#\/schema\/logo\/image\/"},"sameAs":["https:\/\/www.facebook.com\/www.engedal.it","https:\/\/www.instagram.com\/engedaldesign\/"]}]}},"_links":{"self":[{"href":"https:\/\/www.engedal.it\/da\/wp-json\/wp\/v2\/pages\/468","targetHints":{"allow":["GET"]}}],"collection":[{"href":"https:\/\/www.engedal.it\/da\/wp-json\/wp\/v2\/pages"}],"about":[{"href":"https:\/\/www.engedal.it\/da\/wp-json\/wp\/v2\/types\/page"}],"author":[{"embeddable":true,"href":"https:\/\/www.engedal.it\/da\/wp-json\/wp\/v2\/users\/1"}],"replies":[{"embeddable":true,"href":"https:\/\/www.engedal.it\/da\/wp-json\/wp\/v2\/comments?post=468"}],"version-history":[{"count":0,"href":"https:\/\/www.engedal.it\/da\/wp-json\/wp\/v2\/pages\/468\/revisions"}],"wp:attachment":[{"href":"https:\/\/www.engedal.it\/da\/wp-json\/wp\/v2\/media?parent=468"}],"curies":[{"name":"wp","href":"https:\/\/api.w.org\/{rel}","templated":true}]}}